{"id":9,"date":"2020-02-21T10:07:02","date_gmt":"2020-02-21T09:07:02","guid":{"rendered":"https:\/\/humaainechair.wordpress.com\/?page_id=9"},"modified":"2025-03-03T17:25:43","modified_gmt":"2025-03-03T17:25:43","slug":"blog","status":"publish","type":"page","link":"https:\/\/humaaine-chaireia.fr\/","title":{"rendered":"Accueil"},"content":{"rendered":"\n<div class=\"wp-block-group\"><div class=\"wp-block-group__inner-container is-layout-flow wp-block-group-is-layout-flow\">\n<div class=\"wp-block-cover alignfull has-parallax is-style-default\" style=\"background-image:url('http:\/\/humaaine-chaireia.fr\/wp-content\/uploads\/2020\/02\/8088503-1-3.jpg');min-height:561px\"><div class=\"wp-block-cover__inner-container\">\n\n<\/div><\/div>\n<\/div><\/div>\n\n\n\n<p><span style=\"color:#ffffff\" class=\"has-inline-color\">espace<\/span><\/p>\n\n\n\n<p class=\"has-text-align-center has-large-font-size\"><mark style=\"background-color:rgba(0, 0, 0, 0)\" class=\"has-inline-color has-black-color\"><span style=\"text-decoration: underline;\"><strong>PROJET DE M\u00c9DIATION P\u00c9DAGOGIQUE <\/strong>:<\/span><br><strong><em>CAPSULES \u00c9THIQUES NUM\u00c9RIQUES<\/em><\/strong> <br><strong>avec la Fondation Blaise Pascal<\/strong><\/mark><\/p>\n\n\n<div class=\"wp-block-image\">\n<figure class=\"aligncenter size-large\"><a href=\"https:\/\/humaaine-chaireia.fr\/index.php\/projets\/capsules-ethiques-numeriques\/\"><img loading=\"lazy\" decoding=\"async\" width=\"1024\" height=\"768\" src=\"http:\/\/humaaine-chaireia.fr\/wp-content\/uploads\/2024\/05\/logo2_version_def_2_-removebg-1024x768.png\" alt=\"\" class=\"wp-image-1333\" srcset=\"https:\/\/humaaine-chaireia.fr\/wp-content\/uploads\/2024\/05\/logo2_version_def_2_-removebg-1024x768.png 1024w, https:\/\/humaaine-chaireia.fr\/wp-content\/uploads\/2024\/05\/logo2_version_def_2_-removebg-300x225.png 300w, https:\/\/humaaine-chaireia.fr\/wp-content\/uploads\/2024\/05\/logo2_version_def_2_-removebg-768x576.png 768w, https:\/\/humaaine-chaireia.fr\/wp-content\/uploads\/2024\/05\/logo2_version_def_2_-removebg-1536x1152.png 1536w, https:\/\/humaaine-chaireia.fr\/wp-content\/uploads\/2024\/05\/logo2_version_def_2_-removebg.png 1890w\" sizes=\"(max-width: 1024px) 100vw, 1024px\" \/><\/a><\/figure><\/div>\n\n\n<div class=\"wp-block-media-text alignwide is-stacked-on-mobile\" style=\"grid-template-columns:41% auto\"><figure class=\"wp-block-media-text__media\"><\/figure><div class=\"wp-block-media-text__content\"><\/div><\/div>\n\n\n\n<p> <\/p>\n\n\n\n<div class=\"wp-block-media-text alignwide has-media-on-the-right has-background is-stacked-on-mobile\" style=\"background-color:#059589;grid-template-columns:auto 27%\"><figure class=\"wp-block-media-text__media\"><a href=\"http:\/\/humaaine-chaireia.fr\/index.php\/capsules-ethiques-numeriques\/#capsule-0\"><img loading=\"lazy\" decoding=\"async\" width=\"246\" height=\"315\" src=\"http:\/\/humaaine-chaireia.fr\/wp-content\/uploads\/2023\/12\/ezgif.com-crop.gif\" alt=\"\" class=\"wp-image-1156\"\/><\/a><\/figure><div class=\"wp-block-media-text__content\">\n\n<p style=\"font-size:30px\" class=\"has-text-align-center\"><br><strong><a href=\"http:\/\/humaaine-chaireia.fr\/index.php\/capsules-ethiques-numeriques\/#capsule-0\"><span style=\"color:#ffffff\" class=\"has-inline-color\">CAPSULE D&rsquo;INTRODUCTION <\/span><br><em><span style=\"color:#035743\" class=\"has-inline-color\">LE GUIDE DE L&rsquo;AVENTURIER NUM<em>\u00c9<\/em>RIQUE <\/span><\/em><\/a><\/strong><\/p>\n\n<\/div><\/div>\n\n\n\n<div class=\"wp-block-media-text alignwide has-background is-stacked-on-mobile is-vertically-aligned-bottom is-image-fill\" style=\"background-color:#14509f\"><figure class=\"wp-block-media-text__media\" style=\"background-image:url(http:\/\/humaaine-chaireia.fr\/wp-content\/uploads\/2023\/10\/ezgif-1-f61037e092.gif);background-position:50% 50%\"><a href=\"http:\/\/humaaine-chaireia.fr\/index.php\/capsules-ethiques-numeriques\/#capsule-1\"><img loading=\"lazy\" decoding=\"async\" width=\"600\" height=\"450\" src=\"http:\/\/humaaine-chaireia.fr\/wp-content\/uploads\/2023\/10\/ezgif-1-f61037e092.gif\" alt=\"\" class=\"wp-image-990\"\/><\/a><\/figure><div class=\"wp-block-media-text__content\">\n\n<p class=\"has-text-align-center has-large-font-size\"><a href=\"http:\/\/humaaine-chaireia.fr\/index.php\/capsules-ethiques-numeriques\/#capsule-1\"><strong><span style=\"color:#ffffff\" class=\"has-inline-color\">CAPSULE 1<\/span><\/strong><br><span class=\"has-inline-color has-vivid-cyan-blue-color\"><strong><em>J&rsquo;AI TOUT D\u00c9PENS\u00c9<\/em><\/strong> <em><strong>!<\/strong><\/em><\/span><\/a><\/p>\n\n<\/div><\/div>\n\n\n\n<div class=\"wp-block-media-text alignwide has-media-on-the-right has-background is-stacked-on-mobile is-vertically-aligned-bottom\" style=\"background-color:#f62b2b;grid-template-columns:auto 41%\"><figure class=\"wp-block-media-text__media\"><a href=\"http:\/\/humaaine-chaireia.fr\/index.php\/capsules-ethiques-numeriques\/#capsule-2\"><img loading=\"lazy\" decoding=\"async\" width=\"207\" height=\"235\" src=\"http:\/\/humaaine-chaireia.fr\/wp-content\/uploads\/2023\/10\/ezgif-4-4e4be7163a.gif\" alt=\"\" class=\"wp-image-991\"\/><\/a><\/figure><div class=\"wp-block-media-text__content\">\n<p style=\"font-size:34px\" class=\"has-text-align-center\"><a href=\"http:\/\/humaaine-chaireia.fr\/index.php\/capsules-ethiques-numeriques\/#capsule-2\"><strong><span class=\"has-inline-color has-very-light-gray-color\">C<\/span><span style=\"color:#ffffff\" class=\"has-inline-color\">APSULE 2<\/span><\/strong><br><span class=\"has-inline-color has-luminous-vivid-amber-color\"><em><strong>J&rsquo;AI RIEN <strong><em>\u00c0<\/em><\/strong><\/strong><\/em> <br><strong><em>CACHER !<\/em><\/strong><\/span><\/a><\/p>\n<\/div><\/div>\n\n\n\n<p><br><\/p>\n\n\n\n<h4 class=\"wp-block-heading has-primary-color has-text-color\"><strong>Contexte<\/strong><\/h4>\n\n\n\n<p class=\"has-text-align-justify\" style=\"font-size:14.6px\">Depuis peu, nous vivons dans un monde o\u00f9 de plus en plus de machines sont capables d\u2019interagir avec nous. Les grands groupes se ruent sur ce domaine : celui de l&rsquo;intelligence artificielle. Seulement, avec ces nouvelles avanc\u00e9es surviennent des risques qui posent de nombreux probl\u00e8mes d&rsquo;\u00e9thique.<\/p>\n\n\n\n<h4 class=\"wp-block-heading has-primary-color has-text-color\"><strong>Les robots, capables de cerner nos \u00e9motions<\/strong><\/h4>\n\n\n\n<p class=\"has-text-align-justify\" style=\"font-size:14.6px\">Notre soci\u00e9t\u00e9 se peuple petit \u00e0 petit d&rsquo;intelligences artificielles qui ont pour but de nous faciliter la vie. Les perspectives sont multiples et ont des int\u00e9r\u00eats dans de nombreux domaines, notamment la sant\u00e9, l&rsquo;\u00e9ducation ou les transports ! Ces perspectives ne sont pas si lointaines que cela puisque les chercheurs du CNRS ont d\u00e9j\u00e0 mis au point un robot<strong> capable de d\u00e9terminer le profil \u00e9motionnel de son interlocuteur.<\/strong> <br><\/p>\n\n\n\n<p><span style=\"color:#ffffff\" class=\"has-inline-color\">espace<\/span><\/p>\n\n\n\n<figure class=\"wp-block-embed aligncenter is-type-video is-provider-youtube wp-block-embed-youtube wp-embed-aspect-16-9 wp-has-aspect-ratio\"><div class=\"wp-block-embed__wrapper\">\n<iframe loading=\"lazy\" title=\"LivingWithRobot 2012 - LIMSI-CNRS:  Emotion detection from speech with NAO\" width=\"843\" height=\"474\" src=\"https:\/\/www.youtube.com\/embed\/p1ID-gvUnWs?feature=oembed\" frameborder=\"0\" allow=\"accelerometer; autoplay; clipboard-write; encrypted-media; gyroscope; picture-in-picture; web-share\" referrerpolicy=\"strict-origin-when-cross-origin\" allowfullscreen><\/iframe>\n<\/div><\/figure>\n\n\n\n<p><span style=\"color:#ffffff\" class=\"has-inline-color\">espace<\/span><\/p>\n\n\n\n<h4 class=\"wp-block-heading has-primary-color has-text-color\"><strong>La face cach\u00e9e du probl\u00e8me<\/strong><\/h4>\n\n\n\n<p class=\"has-text-align-justify\" style=\"font-size:13.6px\">Ce tout nouveau march\u00e9 repr\u00e9sente un enjeu de taille pour de nombreux domaines. Il s&rsquo;agit l\u00e0 d&rsquo;un tout nouveau territoire que de nombreuses entreprises s&#8217;empressent  de conqu\u00e9rir sans forc\u00e9ment prendre le temps de baliser le chemin. Outre les probl\u00e8mes \u00e9thique de collecte des donn\u00e9es \u00e0 l&rsquo;insu des propri\u00e9taires de ces appareils, il en existe un auquel on ne pense pas toujours : le <strong>nudge<\/strong>.<\/p>\n\n\n\n<p class=\"has-text-align-justify\" style=\"font-size:13.6px\">Le nudge, c&rsquo;est le fait de<strong> faire changer quelqu&rsquo;un d&rsquo;avis<\/strong> sur un sujet quelconque. Dans le cadre de cette chaire, nous avons men\u00e9 des exp\u00e9riences ayant pour but d&rsquo;\u00e9valuer la confiance que nous accordons aux machines \u00ab\u00a0intelligentes\u00a0\u00bb ainsi que leur capacit\u00e9 a nudger.<\/p>\n","protected":false},"excerpt":{"rendered":"<p>espace PROJET DE M\u00c9DIATION P\u00c9DAGOGIQUE :CAPSULES \u00c9THIQUES NUM\u00c9RIQUES avec la Fondation Blaise Pascal CAPSULE D&rsquo;INTRODUCTION LE GUIDE DE L&rsquo;AVENTURIER NUM\u00c9RIQUE CAPSULE 1J&rsquo;AI TOUT D\u00c9PENS\u00c9 !&hellip;<\/p>\n","protected":false},"author":2,"featured_media":0,"parent":0,"menu_order":1,"comment_status":"closed","ping_status":"closed","template":"","meta":{"footnotes":""},"class_list":["post-9","page","type-page","status-publish","hentry"],"_links":{"self":[{"href":"https:\/\/humaaine-chaireia.fr\/index.php\/wp-json\/wp\/v2\/pages\/9"}],"collection":[{"href":"https:\/\/humaaine-chaireia.fr\/index.php\/wp-json\/wp\/v2\/pages"}],"about":[{"href":"https:\/\/humaaine-chaireia.fr\/index.php\/wp-json\/wp\/v2\/types\/page"}],"author":[{"embeddable":true,"href":"https:\/\/humaaine-chaireia.fr\/index.php\/wp-json\/wp\/v2\/users\/2"}],"replies":[{"embeddable":true,"href":"https:\/\/humaaine-chaireia.fr\/index.php\/wp-json\/wp\/v2\/comments?post=9"}],"version-history":[{"count":30,"href":"https:\/\/humaaine-chaireia.fr\/index.php\/wp-json\/wp\/v2\/pages\/9\/revisions"}],"predecessor-version":[{"id":1562,"href":"https:\/\/humaaine-chaireia.fr\/index.php\/wp-json\/wp\/v2\/pages\/9\/revisions\/1562"}],"wp:attachment":[{"href":"https:\/\/humaaine-chaireia.fr\/index.php\/wp-json\/wp\/v2\/media?parent=9"}],"curies":[{"name":"wp","href":"https:\/\/api.w.org\/{rel}","templated":true}]}}