{"id":890,"date":"2023-10-10T10:57:52","date_gmt":"2023-10-10T10:57:52","guid":{"rendered":"http:\/\/humaaine-chaireia.fr\/?page_id=890"},"modified":"2023-10-13T11:29:03","modified_gmt":"2023-10-13T11:29:03","slug":"evenements","status":"publish","type":"page","link":"https:\/\/humaaine-chaireia.fr\/index.php\/evenements\/","title":{"rendered":"\u00c9v\u00e9nements"},"content":{"rendered":"\n<p>D\u00e9couvrez ici les prochaines interventions de la Chaire IA HUMAAINE, autour de divers projets de recherche et de m\u00e9diation.<\/p>\n\n\n\n<div class=\"wp-block-group\"><div class=\"wp-block-group__inner-container is-layout-flow wp-block-group-is-layout-flow\">\n<div class=\"wp-block-group\"><div class=\"wp-block-group__inner-container is-layout-flow wp-block-group-is-layout-flow\">\n<p><br><\/p>\n<\/div><\/div>\n<\/div><\/div>\n\n\n\n<h2 class=\"wp-block-heading\"><strong>Jeudi 19 octobre 2023 <\/strong><\/h2>\n\n\n\n<h2 class=\"wp-block-heading\"><strong>NUDGE<\/strong> <strong>ET AGENTS CONVERSATIONNELS : ENJEUX \u00c9THIQUES, AFFECTIFS ET SOCI\u00c9TAUX<\/strong><\/h2>\n\n\n\n<p><span style=\"color:#ffffff\" class=\"has-inline-color\">espace<\/span><\/p>\n\n\n\n<div class=\"wp-block-media-text alignwide is-stacked-on-mobile is-vertically-aligned-center\" style=\"grid-template-columns:49% auto\"><figure class=\"wp-block-media-text__media\"><img loading=\"lazy\" decoding=\"async\" width=\"708\" height=\"233\" src=\"http:\/\/humaaine-chaireia.fr\/wp-content\/uploads\/2023\/10\/bernardins_logo_rouge_RVB-1.png\" alt=\"\" class=\"wp-image-899\" srcset=\"https:\/\/humaaine-chaireia.fr\/wp-content\/uploads\/2023\/10\/bernardins_logo_rouge_RVB-1.png 708w, https:\/\/humaaine-chaireia.fr\/wp-content\/uploads\/2023\/10\/bernardins_logo_rouge_RVB-1-300x99.png 300w\" sizes=\"(max-width: 708px) 100vw, 708px\" \/><\/figure><div class=\"wp-block-media-text__content\">\n<div class=\"wp-block-group\"><div class=\"wp-block-group__inner-container is-layout-flow wp-block-group-is-layout-flow\">\n<ul class=\"wp-block-list\"><li><strong><em>Coll\u00e8ge des Bernardins, Paris<\/em><\/strong><\/li><li><strong><em>9h-18h<\/em><\/strong><\/li><li><strong><em>Entr\u00e9e libre<\/em><\/strong><\/li><\/ul>\n<\/div><\/div>\n\n\n\n<p><\/p>\n<\/div><\/div>\n\n\n\n<div class=\"wp-block-group\"><div class=\"wp-block-group__inner-container is-layout-flow wp-block-group-is-layout-flow\">\n<div class=\"wp-block-buttons aligncenter is-layout-flex wp-block-buttons-is-layout-flex\">\n<div class=\"wp-block-button is-style-fill\"><a class=\"wp-block-button__link has-text-color has-very-light-gray-color has-background has-blush-bordeaux-gradient-background\" href=\"https:\/\/www.collegedesbernardins.fr\/events-agenda\/nudge-et-agents-conversationnels-enjeux-ethiques-affectifs-et-societaux\" style=\"border-radius:50px\" target=\"_blank\" rel=\"noreferrer noopener\">R\u00e9server votre billet<\/a><\/div>\n<\/div>\n<\/div><\/div>\n\n\n\n<figure class=\"wp-block-image alignwide is-style-default\"><a href=\"https:\/\/www.collegedesbernardins.fr\/events-agenda\/nudge-et-agents-conversationnels-enjeux-ethiques-affectifs-et-societaux\"><img loading=\"lazy\" decoding=\"async\" width=\"768\" height=\"1024\" src=\"http:\/\/humaaine-chaireia.fr\/wp-content\/uploads\/2023\/10\/1696932064223-ba69a94f-c94e-4af8-b5f3-2bf2c6312f4d_1.jpg\" alt=\"\" class=\"wp-image-893\" srcset=\"https:\/\/humaaine-chaireia.fr\/wp-content\/uploads\/2023\/10\/1696932064223-ba69a94f-c94e-4af8-b5f3-2bf2c6312f4d_1.jpg 768w, https:\/\/humaaine-chaireia.fr\/wp-content\/uploads\/2023\/10\/1696932064223-ba69a94f-c94e-4af8-b5f3-2bf2c6312f4d_1-225x300.jpg 225w\" sizes=\"(max-width: 768px) 100vw, 768px\" \/><\/a><\/figure>\n\n\n\n<p><br><\/p>\n\n\n\n<p><\/p>\n\n\n\n<p><\/p>\n\n\n\n<div class=\"wp-block-group\"><div class=\"wp-block-group__inner-container is-layout-flow wp-block-group-is-layout-flow\">\n<p>Ce colloque invite \u00e0 r\u00e9fl\u00e9chir aux enjeux \u00e9thiques que pose le nudge linguistique et affectif dans nos interactions avec des chatbots et robots conversationnels et \u00e0 questionner les cons\u00e9quences pour la soci\u00e9t\u00e9.<\/p>\n<\/div><\/div>\n\n\n\n<p>Suite \u00e0 une \u00e9tude men\u00e9e par l&rsquo;\u00e9quipe de recherche du d\u00e9partement Humanisme num\u00e9rique du Coll\u00e8ge des Bernardins, en partenariat avec la chaire CNRS HUMAAINE Human-Affective Interaction &amp; Ethics du LISN de l\u2019universit\u00e9 Paris-Saclay, des chercheurs sp\u00e9cialistes de l\u2019IA et de la robotique sociale, de la linguistique, de l\u2019\u00e9conomie comportementale, de la philosophie et de la th\u00e9ologie interviendront pour discuter des sujets \u00e0 partir de leurs travaux et r\u00e9flexions.<\/p>\n\n\n\n<p>Avec les interventions de notamment : Alain Bentolila, Jacopa Bodini, Laurence Devillers, Olric de G\u00e9lis, Natalia Kalashnikova, Fabrice Le Guel, Serge Pajak, Enrico Panai, Gemma Serrano, Olivier Tesquet, Ioana Vasilescu.<\/p>\n\n\n\n<h3 class=\"wp-block-heading\"><strong>EN PARTENARIAT AVEC :<\/strong><\/h3>\n\n\n\n<div class=\"wp-block-group\"><div class=\"wp-block-group__inner-container is-layout-flow wp-block-group-is-layout-flow\">\n<div class=\"wp-block-group\"><div class=\"wp-block-group__inner-container is-layout-flow wp-block-group-is-layout-flow\">\n<div class=\"wp-block-media-text alignwide is-stacked-on-mobile is-vertically-aligned-center\" style=\"grid-template-columns:44% auto\"><figure class=\"wp-block-media-text__media\"><img loading=\"lazy\" decoding=\"async\" width=\"708\" height=\"233\" src=\"http:\/\/humaaine-chaireia.fr\/wp-content\/uploads\/2023\/10\/bernardins_logo_rouge_RVB-1.png\" alt=\"\" class=\"wp-image-899\" srcset=\"https:\/\/humaaine-chaireia.fr\/wp-content\/uploads\/2023\/10\/bernardins_logo_rouge_RVB-1.png 708w, https:\/\/humaaine-chaireia.fr\/wp-content\/uploads\/2023\/10\/bernardins_logo_rouge_RVB-1-300x99.png 300w\" sizes=\"(max-width: 708px) 100vw, 708px\" \/><\/figure><div class=\"wp-block-media-text__content\">\n<div class=\"wp-block-image\"><figure class=\"alignright size-large is-resized\"><img loading=\"lazy\" decoding=\"async\" src=\"http:\/\/humaaine-chaireia.fr\/wp-content\/uploads\/2020\/02\/tc3a9lc3a9chargement-2.png\" alt=\"\" class=\"wp-image-80\" width=\"308\" height=\"103\" srcset=\"https:\/\/humaaine-chaireia.fr\/wp-content\/uploads\/2020\/02\/tc3a9lc3a9chargement-2.png 387w, https:\/\/humaaine-chaireia.fr\/wp-content\/uploads\/2020\/02\/tc3a9lc3a9chargement-2-300x101.png 300w\" sizes=\"(max-width: 308px) 100vw, 308px\" \/><\/figure><\/div>\n\n\n\n<p><span style=\"color:#ffffff\" class=\"has-inline-color\">espace<\/span><\/p>\n<\/div><\/div>\n\n\n\n<div class=\"wp-block-media-text alignwide is-stacked-on-mobile is-vertically-aligned-top\" style=\"grid-template-columns:51% auto\"><figure class=\"wp-block-media-text__media\"><img loading=\"lazy\" decoding=\"async\" width=\"259\" height=\"79\" src=\"http:\/\/humaaine-chaireia.fr\/wp-content\/uploads\/2023\/10\/logo.png\" alt=\"\" class=\"wp-image-897\"\/><\/figure><div class=\"wp-block-media-text__content\">\n<div class=\"wp-block-group\"><div class=\"wp-block-group__inner-container is-layout-flow wp-block-group-is-layout-flow\">\n<p style=\"font-size:37px\" class=\"has-text-align-center\"><img loading=\"lazy\" decoding=\"async\" width=\"150\" height=\"150\" class=\"wp-image-536\" style=\"width: 150px;\" src=\"http:\/\/humaaine-chaireia.fr\/wp-content\/uploads\/2020\/02\/330px-centre_national_de_la_recherche_scientifique.svg_-4.png\" alt=\"\" srcset=\"https:\/\/humaaine-chaireia.fr\/wp-content\/uploads\/2020\/02\/330px-centre_national_de_la_recherche_scientifique.svg_-4.png 1200w, https:\/\/humaaine-chaireia.fr\/wp-content\/uploads\/2020\/02\/330px-centre_national_de_la_recherche_scientifique.svg_-4-300x300.png 300w, https:\/\/humaaine-chaireia.fr\/wp-content\/uploads\/2020\/02\/330px-centre_national_de_la_recherche_scientifique.svg_-4-1024x1024.png 1024w, https:\/\/humaaine-chaireia.fr\/wp-content\/uploads\/2020\/02\/330px-centre_national_de_la_recherche_scientifique.svg_-4-150x150.png 150w, https:\/\/humaaine-chaireia.fr\/wp-content\/uploads\/2020\/02\/330px-centre_national_de_la_recherche_scientifique.svg_-4-768x768.png 768w\" sizes=\"(max-width: 150px) 100vw, 150px\" \/><\/p>\n<\/div><\/div>\n<\/div><\/div>\n<\/div><\/div>\n<\/div><\/div>\n\n\n\n<p style=\"font-size:0\"><img decoding=\"async\" class=\"wp-image-892\" style=\"width: NaNpx;\" src=\"http:\/\/humaaine-chaireia.fr\/wp-content\/uploads\/2023\/10\/Colloque_Nudge_Bernardins-19-octobre-2023-1.pdf\" alt=\"\"><\/p>\n\n\n\n<div class=\"wp-block-group\"><div class=\"wp-block-group__inner-container is-layout-flow wp-block-group-is-layout-flow\">\n<p class=\"has-large-font-size\">    <\/p>\n<\/div><\/div>\n\n\n\n<p><\/p>\n","protected":false},"excerpt":{"rendered":"<p>D\u00e9couvrez ici les prochaines interventions de la Chaire IA HUMAAINE, autour de divers projets de recherche et de m\u00e9diation. Jeudi 19 octobre 2023 NUDGE ET&hellip;<\/p>\n","protected":false},"author":1,"featured_media":893,"parent":0,"menu_order":0,"comment_status":"closed","ping_status":"closed","template":"","meta":{"footnotes":""},"class_list":["post-890","page","type-page","status-publish","has-post-thumbnail","hentry"],"_links":{"self":[{"href":"https:\/\/humaaine-chaireia.fr\/index.php\/wp-json\/wp\/v2\/pages\/890"}],"collection":[{"href":"https:\/\/humaaine-chaireia.fr\/index.php\/wp-json\/wp\/v2\/pages"}],"about":[{"href":"https:\/\/humaaine-chaireia.fr\/index.php\/wp-json\/wp\/v2\/types\/page"}],"author":[{"embeddable":true,"href":"https:\/\/humaaine-chaireia.fr\/index.php\/wp-json\/wp\/v2\/users\/1"}],"replies":[{"embeddable":true,"href":"https:\/\/humaaine-chaireia.fr\/index.php\/wp-json\/wp\/v2\/comments?post=890"}],"version-history":[{"count":28,"href":"https:\/\/humaaine-chaireia.fr\/index.php\/wp-json\/wp\/v2\/pages\/890\/revisions"}],"predecessor-version":[{"id":1117,"href":"https:\/\/humaaine-chaireia.fr\/index.php\/wp-json\/wp\/v2\/pages\/890\/revisions\/1117"}],"wp:featuredmedia":[{"embeddable":true,"href":"https:\/\/humaaine-chaireia.fr\/index.php\/wp-json\/wp\/v2\/media\/893"}],"wp:attachment":[{"href":"https:\/\/humaaine-chaireia.fr\/index.php\/wp-json\/wp\/v2\/media?parent=890"}],"curies":[{"name":"wp","href":"https:\/\/api.w.org\/{rel}","templated":true}]}}