{"id":788,"date":"2020-11-12T15:40:08","date_gmt":"2020-11-12T15:40:08","guid":{"rendered":"http:\/\/humaaine-chaireia.fr\/?page_id=788"},"modified":"2020-11-12T20:24:55","modified_gmt":"2020-11-12T20:24:55","slug":"projet-ai-that-wants-you-well","status":"publish","type":"page","link":"https:\/\/humaaine-chaireia.fr\/index.php\/projet-ai-that-wants-you-well\/","title":{"rendered":"Projet \u00ab\u00a0AI that wants you well\u00a0\u00bb"},"content":{"rendered":"\n<div class=\"wp-block-cover alignfull has-background-dim\" style=\"background-image:url(http:\/\/a8cvm1.files.wordpress.com\/2019\/06\/b2a09-green.jpg)\"><div class=\"wp-block-cover__inner-container is-layout-flow wp-block-cover-is-layout-flow\">\n<h1 class=\"has-text-align-center wp-block-heading\">Projet \u00ab\u00a0AI that wants you well\u00a0\u00bb<\/h1>\n<\/div><\/div>\n\n\n\n<h2 class=\"has-text-align-center wp-block-heading\">Une IA qui vous veut du bien : les implications \u00e9thiques des syst\u00e8mes d\u2019IA en sant\u00e9<\/h2>\n\n\n\n<h4 class=\"has-text-align-right wp-block-heading\">En collaboration avec la chaire CIFAR<\/h4>\n\n\n\n<p>L\u2019objectif de ce projet est d\u2019\u00e9valuer les implications \u00e9thiques des syst\u00e8mes d\u2019IA de type \u201cnudging\u201d. Un syst\u00e8me d\u2019IA par encouragement est un dispositif qui incite les utilisateur.rice.s \u00e0 se comporter et \u00e0 agir d\u2019une mani\u00e8re dont ils\/elles n\u2019ont pas conscience. Il prend diff\u00e9rentes formes telles que des notifications, des \u00e9valuations, des classements, mais surtout des recommandations en langage naturel. La th\u00e9orie du \u201c<a href=\"https:\/\/en.wikipedia.org\/wiki\/Nudge_theory\">nudging<\/a>\u201d d\u00e9velopp\u00e9e par <a href=\"https:\/\/www.nytimes.com\/2015\/11\/01\/upshot\/the-power-of-nudges-for-good-and-bad.html\">Thaler<\/a> et <a href=\"https:\/\/papers.ssrn.com\/sol3\/papers.cfm?abstract_id=2499658\">Sunstein<\/a> a fix\u00e9 une contrainte morale \u00e0 la mise en \u0153uvre du \u201cnudging\u201d pour influencer le comportement des individus : il doit poursuivre un bien qui est recherch\u00e9 par les utilisateur.rice.s cibles, ou qui est align\u00e9 avec leur meilleur int\u00e9r\u00eat.<\/p>\n\n\n\n<ul class=\"wp-block-list\"><li>Co-leaders du projet :<ul><li>Marc-Antoine Dilhac (Chaire CIFAR en \u00e9thique de l\u2019IA)<\/li><li>Laurence Devillers (Chaire IA \u2013 HUMAAINE), LIMSI-CNRS<\/li><\/ul><\/li><li>Partenaire : <a href=\"https:\/\/algoralab.ca\/fr\/project\/ia-qui-vous-veut-du-bien\/\">Algoralab<\/a> (Chaire CIFAR)<\/li><\/ul>\n","protected":false},"excerpt":{"rendered":"<p>Une IA qui vous veut du bien : les implications \u00e9thiques des syst\u00e8mes d\u2019IA en sant\u00e9 En collaboration avec la chaire CIFAR L\u2019objectif de ce&hellip;<\/p>\n","protected":false},"author":2,"featured_media":0,"parent":0,"menu_order":0,"comment_status":"closed","ping_status":"closed","template":"","meta":{"footnotes":""},"class_list":["post-788","page","type-page","status-publish","hentry"],"_links":{"self":[{"href":"https:\/\/humaaine-chaireia.fr\/index.php\/wp-json\/wp\/v2\/pages\/788"}],"collection":[{"href":"https:\/\/humaaine-chaireia.fr\/index.php\/wp-json\/wp\/v2\/pages"}],"about":[{"href":"https:\/\/humaaine-chaireia.fr\/index.php\/wp-json\/wp\/v2\/types\/page"}],"author":[{"embeddable":true,"href":"https:\/\/humaaine-chaireia.fr\/index.php\/wp-json\/wp\/v2\/users\/2"}],"replies":[{"embeddable":true,"href":"https:\/\/humaaine-chaireia.fr\/index.php\/wp-json\/wp\/v2\/comments?post=788"}],"version-history":[{"count":6,"href":"https:\/\/humaaine-chaireia.fr\/index.php\/wp-json\/wp\/v2\/pages\/788\/revisions"}],"predecessor-version":[{"id":884,"href":"https:\/\/humaaine-chaireia.fr\/index.php\/wp-json\/wp\/v2\/pages\/788\/revisions\/884"}],"wp:attachment":[{"href":"https:\/\/humaaine-chaireia.fr\/index.php\/wp-json\/wp\/v2\/media?parent=788"}],"curies":[{"name":"wp","href":"https:\/\/api.w.org\/{rel}","templated":true}]}}