{"id":785,"date":"2020-11-12T15:38:14","date_gmt":"2020-11-12T15:38:14","guid":{"rendered":"http:\/\/humaaine-chaireia.fr\/?page_id=785"},"modified":"2020-11-12T20:01:16","modified_gmt":"2020-11-12T20:01:16","slug":"projet-bad-nudge-bad-robot","status":"publish","type":"page","link":"https:\/\/humaaine-chaireia.fr\/index.php\/projet-bad-nudge-bad-robot\/","title":{"rendered":"Projet Bad Nudge Bad Robot"},"content":{"rendered":"\n<div class=\"wp-block-cover alignfull has-background-dim\" style=\"background-image:url(http:\/\/a8cvm1.files.wordpress.com\/2019\/06\/b2a09-green.jpg)\"><div class=\"wp-block-cover__inner-container is-layout-flow wp-block-cover-is-layout-flow\">\n<h1 class=\"has-text-align-center wp-block-heading\">Projet Bad Nudge Bad Robot<\/h1>\n<\/div><\/div>\n\n\n\n<p class=\"has-normal-font-size\">Les objets connect\u00e9s et plus particuli\u00e8rement les agents conversationnels tels que Google Home, apportent une nouvelle dimension \u00e0 l&rsquo;interaction, \u00e0 savoir la parole, et pourraient devenir un moyen d&rsquo;influencer les individus. Ils ne sont actuellement ni r\u00e9glement\u00e9s, ni \u00e9valu\u00e9s et sont tr\u00e8s opaques.<\/p>\n\n\n\n<ul class=\"wp-block-list\"><li>Projet financ\u00e9 par l&rsquo;<a href=\"https:\/\/dataia.eu\/en\/research\/bad-nudge-bad-robot-project\">institut DATAIA<\/a>.<\/li><li>Exp\u00e9riences d\u00e9j\u00e0 r\u00e9alis\u00e9es ou en projet aupr\u00e8s de population sensible (comme les enfants) et moins sensible. <ul><li>Une exp\u00e9rience d&rsquo;interaction dans une \u00e9cole primaire priv\u00e9e comparant les r\u00e9actions aux nudges d&rsquo;un enfant en fonction de son interlocuteur (robot humano\u00efde, enceinte ou humain) a notamment donn\u00e9 lieu \u00e0 des premiers r\u00e9sultats (cf <a href=\"http:\/\/humaaine-chaireia.fr\/index.php\/publications\/\">publications<\/a>).<\/li><\/ul><\/li><\/ul>\n\n\n\n<div style=\"height:16px\" aria-hidden=\"true\" class=\"wp-block-spacer desktop-only\"><\/div>\n\n\n\n<div style=\"height:16px\" aria-hidden=\"true\" class=\"wp-block-spacer desktop-only\"><\/div>\n","protected":false},"excerpt":{"rendered":"<p>Les objets connect\u00e9s et plus particuli\u00e8rement les agents conversationnels tels que Google Home, apportent une nouvelle dimension \u00e0 l&rsquo;interaction, \u00e0 savoir la parole, et pourraient&hellip;<\/p>\n","protected":false},"author":2,"featured_media":0,"parent":0,"menu_order":0,"comment_status":"closed","ping_status":"closed","template":"","meta":{"footnotes":""},"class_list":["post-785","page","type-page","status-publish","hentry"],"_links":{"self":[{"href":"https:\/\/humaaine-chaireia.fr\/index.php\/wp-json\/wp\/v2\/pages\/785"}],"collection":[{"href":"https:\/\/humaaine-chaireia.fr\/index.php\/wp-json\/wp\/v2\/pages"}],"about":[{"href":"https:\/\/humaaine-chaireia.fr\/index.php\/wp-json\/wp\/v2\/types\/page"}],"author":[{"embeddable":true,"href":"https:\/\/humaaine-chaireia.fr\/index.php\/wp-json\/wp\/v2\/users\/2"}],"replies":[{"embeddable":true,"href":"https:\/\/humaaine-chaireia.fr\/index.php\/wp-json\/wp\/v2\/comments?post=785"}],"version-history":[{"count":8,"href":"https:\/\/humaaine-chaireia.fr\/index.php\/wp-json\/wp\/v2\/pages\/785\/revisions"}],"predecessor-version":[{"id":881,"href":"https:\/\/humaaine-chaireia.fr\/index.php\/wp-json\/wp\/v2\/pages\/785\/revisions\/881"}],"wp:attachment":[{"href":"https:\/\/humaaine-chaireia.fr\/index.php\/wp-json\/wp\/v2\/media?parent=785"}],"curies":[{"name":"wp","href":"https:\/\/api.w.org\/{rel}","templated":true}]}}