{"id":325,"date":"2020-02-26T16:02:45","date_gmt":"2020-02-26T15:02:45","guid":{"rendered":"https:\/\/humaainechair.wordpress.com\/?page_id=325"},"modified":"2020-02-26T16:02:45","modified_gmt":"2020-02-26T15:02:45","slug":"blog-5","status":"publish","type":"page","link":"https:\/\/humaaine-chaireia.fr\/index.php\/blog-5\/","title":{"rendered":"Le grand public"},"content":{"rendered":"\n<div class=\"wp-block-cover alignfull has-background-dim\" style=\"background-image:url('http:\/\/a8cvm1.files.wordpress.com\/2019\/06\/b2a09-green.jpg');\"><div class=\"wp-block-cover__inner-container is-layout-flow wp-block-cover-is-layout-flow\">\n<h1 class=\"has-text-align-center wp-block-heading\">Le grand public<\/h1>\n<\/div><\/div>\n\n\n\n<p style=\"font-size:13.6px;\"><strong>-Le quatri\u00e8me point<\/strong> se concentre sur la <strong>diffusion grand public<\/strong> et la <strong>d\u00e9mystification<\/strong> de ces technologies. La machine d\u00e9tectant ou simulant des \u00e9motions, ressemblant \u00e0 l&rsquo;humain, amplifie <strong>l&rsquo;ambigu\u00eft\u00e9<\/strong> de la relation homme-machine. Notre approche consiste \u00e0 expliquer les facult\u00e9s humaines et technologiques comme inextricables : une <strong>zone d&rsquo;incertitude<\/strong> <strong>\u00e9motionnelle<\/strong> s&rsquo;ouvre. Les mythes nous renvoient une projection de nos peurs ancestrales si bien illustr\u00e9es dans la science-fiction. Les exp\u00e9riences sur des machines suivant les rituels d&rsquo;interaction entre les humains nous am\u00e8nent \u00e0 entrevoir cette capacit\u00e9 \u00e0 ressentir des sensations de plaisir ou de souffrance dans ces machines humano\u00efdes et ce malgr\u00e9 le manque de compr\u00e9hension de la machine : la machine ne comprendre rien au sens humain, elle interpr\u00e8te les signaux. Ces aspects de l&rsquo;explication et de la transparence seront renforc\u00e9s avec la publication de livres d&rsquo;audience: <strong>Robots et hommes: mythes, fantasmes et r\u00e9alit\u00e9<\/strong> publi\u00e9 par Plon en 2017, <strong>Les robots \u00e9motionnels : sant\u00e9, s\u00e9curit\u00e9 et sexe&#8230; et \u00e9thique dans tout cela?<\/strong> qui sortira en 2019. Un projet franco-canadien est \u00e9galement en cours avec un artiste de l&rsquo;ENS Ulm (G. Chatonsky) pour une exposition qui se tiendra \u00e0 Montr\u00e9al en septembre.<\/p>\n","protected":false},"excerpt":{"rendered":"<p>-Le quatri\u00e8me point se concentre sur la diffusion grand public et la d\u00e9mystification de ces technologies. La machine d\u00e9tectant ou simulant des \u00e9motions, ressemblant \u00e0&hellip;<\/p>\n","protected":false},"author":2,"featured_media":0,"parent":0,"menu_order":0,"comment_status":"closed","ping_status":"closed","template":"","meta":{"footnotes":""},"class_list":["post-325","page","type-page","status-publish","hentry"],"_links":{"self":[{"href":"https:\/\/humaaine-chaireia.fr\/index.php\/wp-json\/wp\/v2\/pages\/325"}],"collection":[{"href":"https:\/\/humaaine-chaireia.fr\/index.php\/wp-json\/wp\/v2\/pages"}],"about":[{"href":"https:\/\/humaaine-chaireia.fr\/index.php\/wp-json\/wp\/v2\/types\/page"}],"author":[{"embeddable":true,"href":"https:\/\/humaaine-chaireia.fr\/index.php\/wp-json\/wp\/v2\/users\/2"}],"replies":[{"embeddable":true,"href":"https:\/\/humaaine-chaireia.fr\/index.php\/wp-json\/wp\/v2\/comments?post=325"}],"version-history":[{"count":0,"href":"https:\/\/humaaine-chaireia.fr\/index.php\/wp-json\/wp\/v2\/pages\/325\/revisions"}],"wp:attachment":[{"href":"https:\/\/humaaine-chaireia.fr\/index.php\/wp-json\/wp\/v2\/media?parent=325"}],"curies":[{"name":"wp","href":"https:\/\/api.w.org\/{rel}","templated":true}]}}