{"id":322,"date":"2020-02-26T16:02:28","date_gmt":"2020-02-26T15:02:28","guid":{"rendered":"https:\/\/humaainechair.wordpress.com\/?page_id=322"},"modified":"2020-02-26T16:02:28","modified_gmt":"2020-02-26T15:02:28","slug":"blog-4","status":"publish","type":"page","link":"https:\/\/humaaine-chaireia.fr\/index.php\/blog-4\/","title":{"rendered":"L&rsquo;\u00e9thique et les robots"},"content":{"rendered":"\n<div class=\"wp-block-cover alignfull has-background-dim\" style=\"background-image:url('http:\/\/a8cvm1.files.wordpress.com\/2019\/06\/b2a09-green.jpg');\"><div class=\"wp-block-cover__inner-container is-layout-flow wp-block-cover-is-layout-flow\">\n<h1 class=\"has-text-align-center wp-block-heading\">L&rsquo;\u00e9thique et les robots<\/h1>\n<\/div><\/div>\n\n\n\n<p style=\"font-size:13.6px;\"><strong>-Le troisi\u00e8me aspect <\/strong>traite de l&rsquo;\u00e9thique et de la confiance en les machines. Ce point renforcera les liens avec les \u00e9conomistes de Paris-Saclay impliqu\u00e9s dans le projet <strong>Bad nudge bad robot<\/strong> (<strong>DATAIA 2018-2022<\/strong>). Nos premiers r\u00e9sultats pr\u00e9liminaires dans une \u00e9cole \u00e0 Fontenay aux Roses tendent \u00e0 prouver que les machines nudgent mieux que les humains. Les 2 fondations (Domicile et Anne de Gaulle) seront associ\u00e9es \u00e0 la recherche. Des exp\u00e9riences seront \u00e9galement men\u00e9es avec la MILA \u00e0 Montr\u00e9al.<\/p>\n","protected":false},"excerpt":{"rendered":"<p>-Le troisi\u00e8me aspect traite de l&rsquo;\u00e9thique et de la confiance en les machines. Ce point renforcera les liens avec les \u00e9conomistes de Paris-Saclay impliqu\u00e9s dans&hellip;<\/p>\n","protected":false},"author":2,"featured_media":0,"parent":0,"menu_order":0,"comment_status":"closed","ping_status":"closed","template":"","meta":{"footnotes":""},"class_list":["post-322","page","type-page","status-publish","hentry"],"_links":{"self":[{"href":"https:\/\/humaaine-chaireia.fr\/index.php\/wp-json\/wp\/v2\/pages\/322"}],"collection":[{"href":"https:\/\/humaaine-chaireia.fr\/index.php\/wp-json\/wp\/v2\/pages"}],"about":[{"href":"https:\/\/humaaine-chaireia.fr\/index.php\/wp-json\/wp\/v2\/types\/page"}],"author":[{"embeddable":true,"href":"https:\/\/humaaine-chaireia.fr\/index.php\/wp-json\/wp\/v2\/users\/2"}],"replies":[{"embeddable":true,"href":"https:\/\/humaaine-chaireia.fr\/index.php\/wp-json\/wp\/v2\/comments?post=322"}],"version-history":[{"count":0,"href":"https:\/\/humaaine-chaireia.fr\/index.php\/wp-json\/wp\/v2\/pages\/322\/revisions"}],"wp:attachment":[{"href":"https:\/\/humaaine-chaireia.fr\/index.php\/wp-json\/wp\/v2\/media?parent=322"}],"curies":[{"name":"wp","href":"https:\/\/api.w.org\/{rel}","templated":true}]}}