{"id":319,"date":"2020-02-26T16:02:12","date_gmt":"2020-02-26T15:02:12","guid":{"rendered":"https:\/\/humaainechair.wordpress.com\/?page_id=319"},"modified":"2020-02-26T16:02:12","modified_gmt":"2020-02-26T15:02:12","slug":"blog-3","status":"publish","type":"page","link":"https:\/\/humaaine-chaireia.fr\/index.php\/blog-3\/","title":{"rendered":"Le nudge"},"content":{"rendered":"\n<div class=\"wp-block-cover alignfull has-background-dim\" style=\"background-image:url('http:\/\/a8cvm1.files.wordpress.com\/2019\/06\/b2a09-green.jpg');\"><div class=\"wp-block-cover__inner-container is-layout-flow wp-block-cover-is-layout-flow\">\n<h1 class=\"has-text-align-center wp-block-heading\">Le nudge<\/h1>\n<\/div><\/div>\n\n\n\n<p style=\"font-size:13.6px;\"><strong>-Le second axe<\/strong> se concentre sur nudge dans le dialogue homme-machine. Cette branche pr\u00e9sente des applications int\u00e9ressantes pour la sant\u00e9, notamment l&rsquo;entretien des personnes \u00e2g\u00e9es \u00e0 domicile. La fondation <strong>Home foundation<\/strong> est int\u00e9ress\u00e9e par cette chaire et fera une lettre d&rsquo;int\u00e9r\u00eat. L&rsquo;entreprise fran\u00e7aise <strong>CareCever<\/strong> qui d\u00e9veloppe le robot compagnon <strong>CUTII <\/strong>est pr\u00eate \u00e0 r\u00e9aliser le travail pour l&rsquo;accompagnement des personnes \u00e2g\u00e9es \u00e0 domicile avec le<strong> LIMSI <\/strong>(th\u00e8se en 2020).<strong> L&rsquo;aspect culturel des \u00e9motions et du nudge <\/strong>sera \u00e9galement l&rsquo;un des points importants de ce travail. <strong>Une coop\u00e9ration<\/strong> avec Le <strong>Japon et l&rsquo;Allemagne<\/strong> se met en place (projet ANR franco-germano-japonais) pour l&rsquo;\u00e9ducation. Cette partie sera \u00e9galement d\u00e9velopp\u00e9e par l&rsquo;\u00e9change d&rsquo;\u00e9tudiants de la communaut\u00e9 scientifique<\/p>\n","protected":false},"excerpt":{"rendered":"<p>-Le second axe se concentre sur nudge dans le dialogue homme-machine. Cette branche pr\u00e9sente des applications int\u00e9ressantes pour la sant\u00e9, notamment l&rsquo;entretien des personnes \u00e2g\u00e9es&hellip;<\/p>\n","protected":false},"author":2,"featured_media":0,"parent":0,"menu_order":0,"comment_status":"closed","ping_status":"closed","template":"","meta":{"footnotes":""},"class_list":["post-319","page","type-page","status-publish","hentry"],"_links":{"self":[{"href":"https:\/\/humaaine-chaireia.fr\/index.php\/wp-json\/wp\/v2\/pages\/319"}],"collection":[{"href":"https:\/\/humaaine-chaireia.fr\/index.php\/wp-json\/wp\/v2\/pages"}],"about":[{"href":"https:\/\/humaaine-chaireia.fr\/index.php\/wp-json\/wp\/v2\/types\/page"}],"author":[{"embeddable":true,"href":"https:\/\/humaaine-chaireia.fr\/index.php\/wp-json\/wp\/v2\/users\/2"}],"replies":[{"embeddable":true,"href":"https:\/\/humaaine-chaireia.fr\/index.php\/wp-json\/wp\/v2\/comments?post=319"}],"version-history":[{"count":0,"href":"https:\/\/humaaine-chaireia.fr\/index.php\/wp-json\/wp\/v2\/pages\/319\/revisions"}],"wp:attachment":[{"href":"https:\/\/humaaine-chaireia.fr\/index.php\/wp-json\/wp\/v2\/media?parent=319"}],"curies":[{"name":"wp","href":"https:\/\/api.w.org\/{rel}","templated":true}]}}