{"id":316,"date":"2020-02-26T16:01:54","date_gmt":"2020-02-26T15:01:54","guid":{"rendered":"https:\/\/humaainechair.wordpress.com\/?page_id=316"},"modified":"2020-04-21T20:45:59","modified_gmt":"2020-04-21T20:45:59","slug":"blog-2","status":"publish","type":"page","link":"https:\/\/humaaine-chaireia.fr\/index.php\/blog-2\/","title":{"rendered":"La d\u00e9tection des \u00e9motions"},"content":{"rendered":"\n<div class=\"wp-block-cover alignfull has-background-dim has-parallax\" style=\"background-image:url(http:\/\/a8cvm1.files.wordpress.com\/2019\/06\/b2a09-green.jpg)\"><div class=\"wp-block-cover__inner-container is-layout-flow wp-block-cover-is-layout-flow\">\n<h1 class=\"has-text-align-center wp-block-heading\">La d\u00e9tection des \u00e9motions<\/h1>\n<\/div><\/div>\n\n\n\n<p style=\"font-size:13.6px\"><strong>-Le premier axe<\/strong> porte sur la <strong>d\u00e9tection des \u00e9motions<\/strong> (d\u00e9tresse, anxi\u00e9t\u00e9, col\u00e8re, amusement, fiert\u00e9&#8230;) principalement <strong>dans la voix<\/strong> lors de l&rsquo;interaction humain-humain, en face-\u00e0-face ou au t\u00e9l\u00e9phone, ainsi que lors de l&rsquo;interaction avec des agents conversationnels. Il s&rsquo;agit de pousser plus loin capacit\u00e9s de d\u00e9tection des expressions \u00e9motionnelles sociales en allant jusqu&rsquo;au mensonge. Les aspects de d\u00e9tection (indices linguistiques et visuels) seront \u00e9galement explor\u00e9s pour renforcer les indices para-linguistiques extrait du discours. Beaucoup d&rsquo;exp\u00e9riences ont d\u00e9j\u00e0 \u00e9t\u00e9 men\u00e9es par le <strong>LIMSI-CNRS<\/strong> en EHPAD avec la soci\u00e9t\u00e9 <strong>Approach<\/strong> et le <strong>LUSAGE lab<\/strong> de l&rsquo;h\u00f4pital Broca. D&rsquo;autres exp\u00e9riences seront men\u00e9es avec le soutien de la fondation <strong>Au Domicile<\/strong> de la <strong>Fondation Anne de Gaulle<\/strong> en lien avec le secteur <strong>DefiScience.<\/strong><\/p>\n","protected":false},"excerpt":{"rendered":"<p>-Le premier axe porte sur la d\u00e9tection des \u00e9motions (d\u00e9tresse, anxi\u00e9t\u00e9, col\u00e8re, amusement, fiert\u00e9&#8230;) principalement dans la voix lors de l&rsquo;interaction humain-humain, en face-\u00e0-face ou&hellip;<\/p>\n","protected":false},"author":2,"featured_media":0,"parent":0,"menu_order":0,"comment_status":"closed","ping_status":"closed","template":"","meta":{"footnotes":""},"class_list":["post-316","page","type-page","status-publish","hentry"],"_links":{"self":[{"href":"https:\/\/humaaine-chaireia.fr\/index.php\/wp-json\/wp\/v2\/pages\/316"}],"collection":[{"href":"https:\/\/humaaine-chaireia.fr\/index.php\/wp-json\/wp\/v2\/pages"}],"about":[{"href":"https:\/\/humaaine-chaireia.fr\/index.php\/wp-json\/wp\/v2\/types\/page"}],"author":[{"embeddable":true,"href":"https:\/\/humaaine-chaireia.fr\/index.php\/wp-json\/wp\/v2\/users\/2"}],"replies":[{"embeddable":true,"href":"https:\/\/humaaine-chaireia.fr\/index.php\/wp-json\/wp\/v2\/comments?post=316"}],"version-history":[{"count":1,"href":"https:\/\/humaaine-chaireia.fr\/index.php\/wp-json\/wp\/v2\/pages\/316\/revisions"}],"predecessor-version":[{"id":668,"href":"https:\/\/humaaine-chaireia.fr\/index.php\/wp-json\/wp\/v2\/pages\/316\/revisions\/668"}],"wp:attachment":[{"href":"https:\/\/humaaine-chaireia.fr\/index.php\/wp-json\/wp\/v2\/media?parent=316"}],"curies":[{"name":"wp","href":"https:\/\/api.w.org\/{rel}","templated":true}]}}